{"id":54301,"date":"2025-10-23T10:09:11","date_gmt":"2025-10-23T08:09:11","guid":{"rendered":"https:\/\/www.crowdfarming.com\/kontakt\/"},"modified":"2026-05-04T15:30:24","modified_gmt":"2026-05-04T13:30:24","slug":"kontakt","status":"publish","type":"page","link":"https:\/\/laruchequiditoui.fr\/what-the-field\/de\/kontakt\/","title":{"rendered":"Kontakt"},"content":{"rendered":"<h3>M\u00f6chtest du<br \/>\nuns etwas<br \/>\nsagen?!<\/h3>\n<p>Wir freuen uns, von dir zu h\u00f6ren! Egal ob du Fragen hast, Feedback geben oder einfach nur Hallo sagen m\u00f6chtest, schreib uns gerne.<\/p>\n<p>Schick uns \u00fcber das Formular eine Nachricht oder schreib uns eine E-Mail an <a href=\"mailto:wtf@crowdfarming.com\" target=\"_blank\" rel=\"noopener\">wtf@crowdfarming.com<\/a><\/p>\n","protected":false},"excerpt":{"rendered":"<p>M\u00f6chtest du uns etwas sagen?! Wir freuen uns, von dir zu h\u00f6ren! Egal ob du Fragen hast, Feedback geben oder einfach nur Hallo sagen m\u00f6chtest, schreib uns gerne. Schick uns \u00fcber das Formular eine Nachricht oder schreib uns eine E-Mail an wtf@crowdfarming.com<\/p>\n","protected":false},"author":1,"featured_media":0,"parent":0,"menu_order":24,"comment_status":"closed","ping_status":"closed","template":"pages\/page-contact.php","meta":{"_acf_changed":false,"inline_featured_image":false,"footnotes":""},"class_list":["post-54301","page","type-page","status-publish","hentry"],"acf":[],"yoast_head":"<!-- This site is optimized with the Yoast SEO plugin v27.5 - https:\/\/yoast.com\/product\/yoast-seo-wordpress\/ -->\n<title>Kontakt - WTF<\/title>\n<meta name=\"robots\" content=\"index, follow, max-snippet:-1, max-image-preview:large, max-video-preview:-1\" \/>\n<link rel=\"canonical\" href=\"https:\/\/www.crowdfarming.com\/es\/what-the-field\/contacto\/\" \/>\n<meta property=\"og:locale\" content=\"de_DE\" \/>\n<meta property=\"og:type\" content=\"article\" \/>\n<meta property=\"og:title\" content=\"Kontakt - WTF\" \/>\n<meta property=\"og:description\" content=\"M\u00f6chtest du uns etwas sagen?! Wir freuen uns, von dir zu h\u00f6ren! Egal ob du Fragen hast, Feedback geben oder einfach nur Hallo sagen m\u00f6chtest, schreib uns gerne. Schick uns \u00fcber das Formular eine Nachricht oder schreib uns eine E-Mail an wtf@crowdfarming.com\" \/>\n<meta property=\"og:url\" content=\"https:\/\/www.crowdfarming.com\/es\/what-the-field\/contacto\/\" \/>\n<meta property=\"og:site_name\" content=\"WTF\" \/>\n<meta property=\"article:modified_time\" content=\"2026-05-04T13:30:24+00:00\" \/>\n<meta name=\"twitter:card\" content=\"summary_large_image\" \/>\n<meta name=\"twitter:label1\" content=\"Gesch\u00e4tzte Lesezeit\" \/>\n\t<meta name=\"twitter:data1\" content=\"1\u00a0Minute\" \/>\n<script type=\"application\/ld+json\" class=\"yoast-schema-graph\">{\"@context\":\"https:\\\/\\\/schema.org\",\"@graph\":[{\"@type\":\"WebPage\",\"@id\":\"https:\\\/\\\/www.crowdfarming.com\\\/es\\\/what-the-field\\\/contacto\\\/\",\"url\":\"https:\\\/\\\/www.crowdfarming.com\\\/es\\\/what-the-field\\\/contacto\\\/\",\"name\":\"Kontakt - WTF\",\"isPartOf\":{\"@id\":\"https:\\\/\\\/laruchequiditoui.fr\\\/fr\\\/what-the-field\\\/#website\"},\"datePublished\":\"2025-10-23T08:09:11+00:00\",\"dateModified\":\"2026-05-04T13:30:24+00:00\",\"breadcrumb\":{\"@id\":\"https:\\\/\\\/www.crowdfarming.com\\\/es\\\/what-the-field\\\/contacto\\\/#breadcrumb\"},\"inLanguage\":\"de\",\"potentialAction\":[{\"@type\":\"ReadAction\",\"target\":[\"https:\\\/\\\/www.crowdfarming.com\\\/es\\\/what-the-field\\\/contacto\\\/\"]}]},{\"@type\":\"BreadcrumbList\",\"@id\":\"https:\\\/\\\/www.crowdfarming.com\\\/es\\\/what-the-field\\\/contacto\\\/#breadcrumb\",\"itemListElement\":[{\"@type\":\"ListItem\",\"position\":1,\"name\":\"Home\",\"item\":\"https:\\\/\\\/www.crowdfarming.com\\\/de\\\/what-the-field\\\/\"},{\"@type\":\"ListItem\",\"position\":2,\"name\":\"Kontakt\"}]},{\"@type\":\"WebSite\",\"@id\":\"https:\\\/\\\/laruchequiditoui.fr\\\/fr\\\/what-the-field\\\/#website\",\"url\":\"https:\\\/\\\/laruchequiditoui.fr\\\/fr\\\/what-the-field\\\/\",\"name\":\"WTF\",\"description\":\"Una plataforma de informaci\u00f3n sobre nuestro sistema agro-alimentario.\",\"potentialAction\":[{\"@type\":\"SearchAction\",\"target\":{\"@type\":\"EntryPoint\",\"urlTemplate\":\"https:\\\/\\\/laruchequiditoui.fr\\\/fr\\\/what-the-field\\\/?s={search_term_string}\"},\"query-input\":{\"@type\":\"PropertyValueSpecification\",\"valueRequired\":true,\"valueName\":\"search_term_string\"}}],\"inLanguage\":\"de\"}]}<\/script>\n<!-- \/ Yoast SEO plugin. -->","yoast_head_json":{"title":"Kontakt - WTF","robots":{"index":"index","follow":"follow","max-snippet":"max-snippet:-1","max-image-preview":"max-image-preview:large","max-video-preview":"max-video-preview:-1"},"canonical":"https:\/\/www.crowdfarming.com\/es\/what-the-field\/contacto\/","og_locale":"de_DE","og_type":"article","og_title":"Kontakt - WTF","og_description":"M\u00f6chtest du uns etwas sagen?! Wir freuen uns, von dir zu h\u00f6ren! Egal ob du Fragen hast, Feedback geben oder einfach nur Hallo sagen m\u00f6chtest, schreib uns gerne. Schick uns \u00fcber das Formular eine Nachricht oder schreib uns eine E-Mail an wtf@crowdfarming.com","og_url":"https:\/\/www.crowdfarming.com\/es\/what-the-field\/contacto\/","og_site_name":"WTF","article_modified_time":"2026-05-04T13:30:24+00:00","twitter_card":"summary_large_image","twitter_misc":{"Gesch\u00e4tzte Lesezeit":"1\u00a0Minute"},"schema":{"@context":"https:\/\/schema.org","@graph":[{"@type":"WebPage","@id":"https:\/\/www.crowdfarming.com\/es\/what-the-field\/contacto\/","url":"https:\/\/www.crowdfarming.com\/es\/what-the-field\/contacto\/","name":"Kontakt - WTF","isPartOf":{"@id":"https:\/\/laruchequiditoui.fr\/fr\/what-the-field\/#website"},"datePublished":"2025-10-23T08:09:11+00:00","dateModified":"2026-05-04T13:30:24+00:00","breadcrumb":{"@id":"https:\/\/www.crowdfarming.com\/es\/what-the-field\/contacto\/#breadcrumb"},"inLanguage":"de","potentialAction":[{"@type":"ReadAction","target":["https:\/\/www.crowdfarming.com\/es\/what-the-field\/contacto\/"]}]},{"@type":"BreadcrumbList","@id":"https:\/\/www.crowdfarming.com\/es\/what-the-field\/contacto\/#breadcrumb","itemListElement":[{"@type":"ListItem","position":1,"name":"Home","item":"https:\/\/www.crowdfarming.com\/de\/what-the-field\/"},{"@type":"ListItem","position":2,"name":"Kontakt"}]},{"@type":"WebSite","@id":"https:\/\/laruchequiditoui.fr\/fr\/what-the-field\/#website","url":"https:\/\/laruchequiditoui.fr\/fr\/what-the-field\/","name":"WTF","description":"Una plataforma de informaci\u00f3n sobre nuestro sistema agro-alimentario.","potentialAction":[{"@type":"SearchAction","target":{"@type":"EntryPoint","urlTemplate":"https:\/\/laruchequiditoui.fr\/fr\/what-the-field\/?s={search_term_string}"},"query-input":{"@type":"PropertyValueSpecification","valueRequired":true,"valueName":"search_term_string"}}],"inLanguage":"de"}]}},"_links":{"self":[{"href":"https:\/\/laruchequiditoui.fr\/what-the-field\/de\/wp-json\/wp\/v2\/pages\/54301","targetHints":{"allow":["GET"]}}],"collection":[{"href":"https:\/\/laruchequiditoui.fr\/what-the-field\/de\/wp-json\/wp\/v2\/pages"}],"about":[{"href":"https:\/\/laruchequiditoui.fr\/what-the-field\/de\/wp-json\/wp\/v2\/types\/page"}],"author":[{"embeddable":true,"href":"https:\/\/laruchequiditoui.fr\/what-the-field\/de\/wp-json\/wp\/v2\/users\/1"}],"replies":[{"embeddable":true,"href":"https:\/\/laruchequiditoui.fr\/what-the-field\/de\/wp-json\/wp\/v2\/comments?post=54301"}],"version-history":[{"count":3,"href":"https:\/\/laruchequiditoui.fr\/what-the-field\/de\/wp-json\/wp\/v2\/pages\/54301\/revisions"}],"predecessor-version":[{"id":58441,"href":"https:\/\/laruchequiditoui.fr\/what-the-field\/de\/wp-json\/wp\/v2\/pages\/54301\/revisions\/58441"}],"wp:attachment":[{"href":"https:\/\/laruchequiditoui.fr\/what-the-field\/de\/wp-json\/wp\/v2\/media?parent=54301"}],"curies":[{"name":"wp","href":"https:\/\/api.w.org\/{rel}","templated":true}]}}