{"id":54265,"date":"2025-10-23T10:09:11","date_gmt":"2025-10-23T08:09:11","guid":{"rendered":"https:\/\/www.crowdfarming.com\/contact\/"},"modified":"2026-05-06T11:18:48","modified_gmt":"2026-05-06T09:18:48","slug":"contact","status":"publish","type":"page","link":"https:\/\/laruchequiditoui.fr\/what-the-field\/fr\/contact\/","title":{"rendered":"Contact"},"content":{"rendered":"<h3>Quelque<br \/>\nchose<br \/>\n\u00e0 dire ?!<\/h3>\n<p>Nous serions ravis d&rsquo;avoir de vos nouvelles ! Que vous ayez une question, un commentaire ou que vous souhaitiez simplement nous saluer, n\u2019h\u00e9sitez pas \u00e0 nous contacter.<\/p>\n<p>Vous pouvez nous envoyer un message via le formulaire ou par courrier \u00e9lectronique \u00e0 l&rsquo;adresse <a href=\"mailto:wtf@crowdfarming.com\" target=\"_blank\" rel=\"noopener\">wtf@crowdfarming.com<\/a><\/p>\n","protected":false},"excerpt":{"rendered":"<p>Quelque chose \u00e0 dire ?! Nous serions ravis d&rsquo;avoir de vos nouvelles ! Que vous ayez une question, un commentaire ou que vous souhaitiez simplement nous saluer, n\u2019h\u00e9sitez pas \u00e0 nous contacter. Vous pouvez nous envoyer un message via le formulaire ou par courrier \u00e9lectronique \u00e0 l&rsquo;adresse wtf@crowdfarming.com<\/p>\n","protected":false},"author":1,"featured_media":0,"parent":0,"menu_order":24,"comment_status":"closed","ping_status":"closed","template":"pages\/page-contact.php","meta":{"_acf_changed":false,"inline_featured_image":false,"footnotes":""},"class_list":["post-54265","page","type-page","status-publish","hentry"],"acf":[],"yoast_head":"<!-- This site is optimized with the Yoast SEO plugin v27.5 - https:\/\/yoast.com\/product\/yoast-seo-wordpress\/ -->\n<title>Contact - WTF<\/title>\n<meta name=\"robots\" content=\"index, follow, max-snippet:-1, max-image-preview:large, max-video-preview:-1\" \/>\n<link rel=\"canonical\" href=\"https:\/\/laruchequiditoui.fr\/fr\/what-the-field\/contact\/\" \/>\n<meta property=\"og:locale\" content=\"fr_FR\" \/>\n<meta property=\"og:type\" content=\"article\" \/>\n<meta property=\"og:title\" content=\"Contact - WTF\" \/>\n<meta property=\"og:description\" content=\"Quelque chose \u00e0 dire ?! Nous serions ravis d&rsquo;avoir de vos nouvelles ! Que vous ayez une question, un commentaire ou que vous souhaitiez simplement nous saluer, n\u2019h\u00e9sitez pas \u00e0 nous contacter. Vous pouvez nous envoyer un message via le formulaire ou par courrier \u00e9lectronique \u00e0 l&rsquo;adresse wtf@crowdfarming.com\" \/>\n<meta property=\"og:url\" content=\"https:\/\/laruchequiditoui.fr\/fr\/what-the-field\/contact\/\" \/>\n<meta property=\"og:site_name\" content=\"WTF\" \/>\n<meta property=\"article:modified_time\" content=\"2026-05-06T09:18:48+00:00\" \/>\n<meta name=\"twitter:card\" content=\"summary_large_image\" \/>\n<meta name=\"twitter:label1\" content=\"Dur\u00e9e de lecture estim\u00e9e\" \/>\n\t<meta name=\"twitter:data1\" content=\"1 minute\" \/>\n<script type=\"application\/ld+json\" class=\"yoast-schema-graph\">{\"@context\":\"https:\\\/\\\/schema.org\",\"@graph\":[{\"@type\":\"WebPage\",\"@id\":\"https:\\\/\\\/laruchequiditoui.fr\\\/fr\\\/what-the-field\\\/contact\\\/\",\"url\":\"https:\\\/\\\/laruchequiditoui.fr\\\/fr\\\/what-the-field\\\/contact\\\/\",\"name\":\"Contact - WTF\",\"isPartOf\":{\"@id\":\"https:\\\/\\\/laruchequiditoui.fr\\\/fr\\\/what-the-field\\\/#website\"},\"datePublished\":\"2025-10-23T08:09:11+00:00\",\"dateModified\":\"2026-05-06T09:18:48+00:00\",\"breadcrumb\":{\"@id\":\"https:\\\/\\\/laruchequiditoui.fr\\\/fr\\\/what-the-field\\\/contact\\\/#breadcrumb\"},\"inLanguage\":\"fr-FR\",\"potentialAction\":[{\"@type\":\"ReadAction\",\"target\":[\"https:\\\/\\\/laruchequiditoui.fr\\\/fr\\\/what-the-field\\\/contact\\\/\"]}]},{\"@type\":\"BreadcrumbList\",\"@id\":\"https:\\\/\\\/laruchequiditoui.fr\\\/fr\\\/what-the-field\\\/contact\\\/#breadcrumb\",\"itemListElement\":[{\"@type\":\"ListItem\",\"position\":1,\"name\":\"Home\",\"item\":\"https:\\\/\\\/laruchequiditoui.fr\\\/fr\\\/what-the-field\\\/\"},{\"@type\":\"ListItem\",\"position\":2,\"name\":\"Contact\"}]},{\"@type\":\"WebSite\",\"@id\":\"https:\\\/\\\/laruchequiditoui.fr\\\/fr\\\/what-the-field\\\/#website\",\"url\":\"https:\\\/\\\/laruchequiditoui.fr\\\/fr\\\/what-the-field\\\/\",\"name\":\"WTF\",\"description\":\"Una plataforma de informaci\u00f3n sobre nuestro sistema agro-alimentario.\",\"potentialAction\":[{\"@type\":\"SearchAction\",\"target\":{\"@type\":\"EntryPoint\",\"urlTemplate\":\"https:\\\/\\\/laruchequiditoui.fr\\\/fr\\\/what-the-field\\\/?s={search_term_string}\"},\"query-input\":{\"@type\":\"PropertyValueSpecification\",\"valueRequired\":true,\"valueName\":\"search_term_string\"}}],\"inLanguage\":\"fr-FR\"}]}<\/script>\n<!-- \/ Yoast SEO plugin. -->","yoast_head_json":{"title":"Contact - WTF","robots":{"index":"index","follow":"follow","max-snippet":"max-snippet:-1","max-image-preview":"max-image-preview:large","max-video-preview":"max-video-preview:-1"},"canonical":"https:\/\/laruchequiditoui.fr\/fr\/what-the-field\/contact\/","og_locale":"fr_FR","og_type":"article","og_title":"Contact - WTF","og_description":"Quelque chose \u00e0 dire ?! Nous serions ravis d&rsquo;avoir de vos nouvelles ! Que vous ayez une question, un commentaire ou que vous souhaitiez simplement nous saluer, n\u2019h\u00e9sitez pas \u00e0 nous contacter. Vous pouvez nous envoyer un message via le formulaire ou par courrier \u00e9lectronique \u00e0 l&rsquo;adresse wtf@crowdfarming.com","og_url":"https:\/\/laruchequiditoui.fr\/fr\/what-the-field\/contact\/","og_site_name":"WTF","article_modified_time":"2026-05-06T09:18:48+00:00","twitter_card":"summary_large_image","twitter_misc":{"Dur\u00e9e de lecture estim\u00e9e":"1 minute"},"schema":{"@context":"https:\/\/schema.org","@graph":[{"@type":"WebPage","@id":"https:\/\/laruchequiditoui.fr\/fr\/what-the-field\/contact\/","url":"https:\/\/laruchequiditoui.fr\/fr\/what-the-field\/contact\/","name":"Contact - WTF","isPartOf":{"@id":"https:\/\/laruchequiditoui.fr\/fr\/what-the-field\/#website"},"datePublished":"2025-10-23T08:09:11+00:00","dateModified":"2026-05-06T09:18:48+00:00","breadcrumb":{"@id":"https:\/\/laruchequiditoui.fr\/fr\/what-the-field\/contact\/#breadcrumb"},"inLanguage":"fr-FR","potentialAction":[{"@type":"ReadAction","target":["https:\/\/laruchequiditoui.fr\/fr\/what-the-field\/contact\/"]}]},{"@type":"BreadcrumbList","@id":"https:\/\/laruchequiditoui.fr\/fr\/what-the-field\/contact\/#breadcrumb","itemListElement":[{"@type":"ListItem","position":1,"name":"Home","item":"https:\/\/laruchequiditoui.fr\/fr\/what-the-field\/"},{"@type":"ListItem","position":2,"name":"Contact"}]},{"@type":"WebSite","@id":"https:\/\/laruchequiditoui.fr\/fr\/what-the-field\/#website","url":"https:\/\/laruchequiditoui.fr\/fr\/what-the-field\/","name":"WTF","description":"Una plataforma de informaci\u00f3n sobre nuestro sistema agro-alimentario.","potentialAction":[{"@type":"SearchAction","target":{"@type":"EntryPoint","urlTemplate":"https:\/\/laruchequiditoui.fr\/fr\/what-the-field\/?s={search_term_string}"},"query-input":{"@type":"PropertyValueSpecification","valueRequired":true,"valueName":"search_term_string"}}],"inLanguage":"fr-FR"}]}},"_links":{"self":[{"href":"https:\/\/laruchequiditoui.fr\/what-the-field\/fr\/wp-json\/wp\/v2\/pages\/54265","targetHints":{"allow":["GET"]}}],"collection":[{"href":"https:\/\/laruchequiditoui.fr\/what-the-field\/fr\/wp-json\/wp\/v2\/pages"}],"about":[{"href":"https:\/\/laruchequiditoui.fr\/what-the-field\/fr\/wp-json\/wp\/v2\/types\/page"}],"author":[{"embeddable":true,"href":"https:\/\/laruchequiditoui.fr\/what-the-field\/fr\/wp-json\/wp\/v2\/users\/1"}],"replies":[{"embeddable":true,"href":"https:\/\/laruchequiditoui.fr\/what-the-field\/fr\/wp-json\/wp\/v2\/comments?post=54265"}],"version-history":[{"count":2,"href":"https:\/\/laruchequiditoui.fr\/what-the-field\/fr\/wp-json\/wp\/v2\/pages\/54265\/revisions"}],"predecessor-version":[{"id":61118,"href":"https:\/\/laruchequiditoui.fr\/what-the-field\/fr\/wp-json\/wp\/v2\/pages\/54265\/revisions\/61118"}],"wp:attachment":[{"href":"https:\/\/laruchequiditoui.fr\/what-the-field\/fr\/wp-json\/wp\/v2\/media?parent=54265"}],"curies":[{"name":"wp","href":"https:\/\/api.w.org\/{rel}","templated":true}]}}